{"id":10929,"date":"2024-05-30T15:47:47","date_gmt":"2024-05-30T15:47:47","guid":{"rendered":"https:\/\/topnor.no\/prisliste\/"},"modified":"2024-11-19T22:22:12","modified_gmt":"2024-11-19T22:22:12","slug":"prisliste","status":"publish","type":"page","link":"https:\/\/topnor.no\/no\/prisliste\/","title":{"rendered":"Prisliste"},"content":{"rendered":"\t\t<div data-elementor-type=\"wp-page\" data-elementor-id=\"10929\" class=\"elementor elementor-10929 elementor-7549\">\n\t\t\t\t\t\t<section class=\"elementor-section elementor-top-section elementor-element elementor-element-6c127469 elementor-section-stretched elementor-section-full_width elementor-section-height-default elementor-section-height-default wpr-particle-no wpr-jarallax-no wpr-parallax-no wpr-sticky-section-no wpr-column-slider-no wpr-equal-height-no\" data-id=\"6c127469\" data-element_type=\"section\" data-e-type=\"section\" data-settings=\"{&quot;stretch_section&quot;:&quot;section-stretched&quot;}\">\n\t\t\t\t\t\t<div class=\"elementor-container elementor-column-gap-no\">\n\t\t\t\t\t<div class=\"elementor-column elementor-col-100 elementor-top-column elementor-element elementor-element-7eb368ed\" data-id=\"7eb368ed\" data-element_type=\"column\" data-e-type=\"column\">\n\t\t\t<div class=\"elementor-widget-wrap elementor-element-populated\">\n\t\t\t\t<div class=\"elementor-element elementor-element-77e4d27 e-flex e-con-boxed wpr-particle-no wpr-jarallax-no wpr-parallax-no wpr-sticky-section-no wpr-column-slider-no wpr-equal-height-no e-con e-parent\" data-id=\"77e4d27\" data-element_type=\"container\" data-e-type=\"container\">\n\t\t\t\t\t<div class=\"e-con-inner\">\n\t\t\t\t<div class=\"elementor-element elementor-element-be1b1ca elementor-widget elementor-widget-text-editor\" data-id=\"be1b1ca\" data-element_type=\"widget\" data-e-type=\"widget\" data-widget_type=\"text-editor.default\">\n\t\t\t\t<div class=\"elementor-widget-container\">\n\t\t\t\t\t\t\t\t\t<h1><strong>Prisliste<\/p>\n<p><\/strong><\/h1>\n<p><strong>ETABLERINGSHONORAR (1.890\/2490-) <\/strong><br \/>Oppstart og lovp\u00e5lagt innhenting\/kvalitetssikring av informasjon tilknyttet kundeforhold. <\/p>\n<p><\/p>\n<p><strong>TIMEPRISER FOR ORDIN\u00c6RE TJENESTER <\/strong><br \/>L\u00f8nnkj\u00f8ring kr. 690.- per time \/ fra 2025 \u00f8kes til 790.- per time<br \/>Bokf\u00f8ring av bilag kr. 690.- per time \/ fra 2025 \u00f8kes til 790.- per time<br \/>L\u00f8pende Avstemming kr. 690.- per time \/ fra 2025 \u00f8kes til 790.- per time<br \/>\u00c5rsavstemming kr. 690.- per time (\u00e5rlig) \/ fra 2025 \u00f8kes til 790.- per time<br \/>Kvalitetskontroll av utf\u00f8rt arbeid av kunde kr. 949.- per time<br \/>Kontroll av regnskapet hvor l\u00f8pende arbeid er utf\u00f8rt av kunden selv.<br \/>Kvalitetskontroll av utf\u00f8rt arbeid (SARF) kr. 900.- per time (\u00e5rlig)<br \/>Pliktig oppdragskontroll, ajourhold av avtalen kr. 900.- per time (\u00e5rlig)<br \/>Oppstartsokntroll av mottatt regnskap kr. 949.- per time<br \/>R\u00e5dgivning kr. 949.- per time<br \/>&#8211; R\u00e5dgivning ifm. selskapsutvikling herunder; selskapsstruktur, kapitalendringer, etablering av holdingselskap etc.    <\/p>\n<p> <\/p>\n<p><strong>TILLEGGSTJENESTER<\/strong> <br \/>Stiftelse ENK kr.1 200.- fastpris<br \/>Stiftelse AS kr. 3 500.- fastpris<br \/>Stiftelse NUF kr. 5 000.- fastpris<br \/>Generalforsamling protokoll kr. 1 290.- fastpris<br \/>Kj\u00f8p- og salgsavtaler for aksjer kr. 1 290.- fastpris<br \/>Forberede dokumentasjon for kj\u00f8pe aksjeselskap \u2013 4 000.- fastpris<br \/>Aksjon\u00e6rregisteroppgave kr. 1490 \u2013 fastpris<br \/>\u00c5rsregnskap og skattemelding NUF kr. 10 000.- fastpris &#8211; Fakturering i m\u00e5nedsskiftet februar\/mars nytt\u00e5r, for foreg\u00e5ende \u00e5r<br \/>\u00c5rsregnskap og skattemelding AS kr. 8 000.- fastpris &#8211; Fakturering i m\u00e5nedsskiftet februar\/mars nytt\u00e5r, for foreg\u00e5ende \u00e5r<br \/>Skattemelding ENK kr. 4 000.- fastpris &#8211; Fakturering i m\u00e5nedsskiftet februar\/mars nytt\u00e5r, for foreg\u00e5ende \u00e5r<br \/>Bestille HMS kort kr. 500. \u2013 fastpris pr kort\/ansatt<br \/>S\u00f8knad om skattekort for utenlandsk arbeidstaker kort kr. 500. \u2013 fastpris pr ansatt     <\/p>\n<\/p>\n<h6>* Alle priser er eks. mva<br \/>* Arbeidstiden avrundes til 15 minutter, Faktureres for hvert p\u00e5begynte 15min<br \/>* Prislisten er vedlagt kontrakten og utgj\u00f8r aksept av tilbudet<br \/>* Prisene kan endres, informasjon sendes p\u00e5 e-post <\/h6><\/p>\n\t\t\t\t\t\t\t\t<\/div>\n\t\t\t\t<\/div>\n\t\t\t\t\t<\/div>\n\t\t\t\t<\/div>\n\t\t\t\t\t<\/div>\n\t\t<\/div>\n\t\t\t\t\t<\/div>\n\t\t<\/section>\n\t\t<div class=\"elementor-element elementor-element-b116f67 e-con-full e-flex wpr-particle-no wpr-jarallax-no wpr-parallax-no wpr-sticky-section-no wpr-column-slider-no wpr-equal-height-no e-con e-parent\" data-id=\"b116f67\" data-element_type=\"container\" data-e-type=\"container\">\n\t\t\t\t<div class=\"elementor-element elementor-element-e1e65f0 elementor-widget__width-inherit elementor-widget elementor-widget-appway_clients8\" data-id=\"e1e65f0\" data-element_type=\"widget\" data-e-type=\"widget\" data-widget_type=\"appway_clients8.default\">\n\t\t\t\t<div class=\"elementor-widget-container\">\n\t\t\t\t\t\n\n    <!-- clients-style-four -->\n    <section class=\"clients-style-four style-five \">\n        <div class=\"image-layer\" style=\"background-image: url(https:\/\/topnor.no\/wp-content\/uploads\/2020\/03\/layer-image-7.png);\"><\/div>\n        <div class=\"container\">\n            <div class=\"clients-carousel owl-carousel owl-theme owl-dots-none\">\n\t\t\t\n                \t\t\t\n                \t\t\t\t<figure class=\"image-box\"><a href=\"#\"><img decoding=\"async\" src=\"https:\/\/topnor.no\/wp-content\/uploads\/2023\/12\/MrBdZZM-e1702701945256.png\" alt=\"\"><\/a><\/figure>\n\t\t\t\t\t\t\t\t\n\t\t\t\t\t\t\t\n                \t\t\t\t<figure class=\"image-box\"><a href=\"#\"><img decoding=\"async\" src=\"https:\/\/topnor.no\/wp-content\/uploads\/2023\/12\/g5YFikL-e1702709181318.png\" alt=\"\"><\/a><\/figure>\n\t\t\t\t\t\t\t\t\n\t\t\t\t\t\t\t\n                \t\t\t\t<figure class=\"image-box\"><a href=\"#\"><img decoding=\"async\" src=\"https:\/\/topnor.no\/wp-content\/uploads\/2023\/12\/vmjeW2R-e1702709203165.png\" alt=\"\"><\/a><\/figure>\n\t\t\t\t\t\t\t\t\n\t\t\t\t\t\t\t\n                \t\t\t\t<figure class=\"image-box\"><a href=\"#\"><img decoding=\"async\" src=\"https:\/\/topnor.no\/wp-content\/uploads\/2023\/12\/XItZcNr-e1702709362237.png\" alt=\"\"><\/a><\/figure>\n\t\t\t\t\t\t\t\t\n\t\t\t\t\t\t\t\t\n            <\/div>\n        <\/div>\n    <\/section>\n    <!-- clients-style-four end -->\n            \n\t\t\t\t\t\t<\/div>\n\t\t\t\t<\/div>\n\t\t\t\t<\/div>\n\t\t\t\t<\/div>\n\t\t","protected":false},"excerpt":{"rendered":"<p>Prisliste ETABLERINGSHONORAR (1.890\/2490-) Oppstart og lovp\u00e5lagt innhenting\/kvalitetssikring av informasjon tilknyttet kundeforhold. TIMEPRISER FOR ORDIN\u00c6RE TJENESTER L\u00f8nnkj\u00f8ring kr. 690.- per time \/ fra 2025 \u00f8kes til 790.- per timeBokf\u00f8ring av bilag kr. 690.- per time \/ fra 2025 \u00f8kes til 790.- per timeL\u00f8pende Avstemming kr. 690.- per time \/ fra 2025 \u00f8kes til 790.- per time\u00c5rsavstemming kr. 690.- per time (\u00e5rlig) \/ fra 2025 \u00f8kes til 790.- per timeKvalitetskontroll av utf\u00f8rt arbeid av kunde kr. 949.- per timeKontroll av regnskapet hvor l\u00f8pende arbeid er utf\u00f8rt av kunden selv.Kvalitetskontroll av utf\u00f8rt arbeid (SARF) kr. 900.- per time (\u00e5rlig)Pliktig oppdragskontroll, ajourhold av avtalen kr. 900.- per time (\u00e5rlig)Oppstartsokntroll av mottatt regnskap kr. 949.- per timeR\u00e5dgivning kr. 949.- per time&#8211; R\u00e5dgivning ifm. selskapsutvikling herunder; selskapsstruktur, kapitalendringer, etablering av holdingselskap etc. TILLEGGSTJENESTER Stiftelse ENK kr.1 200.- fastprisStiftelse AS kr. 3 500.- fastprisStiftelse NUF kr. 5 000.- fastprisGeneralforsamling protokoll kr. 1 290.- fastprisKj\u00f8p- og salgsavtaler for aksjer kr. 1 290.- fastprisForberede dokumentasjon for kj\u00f8pe aksjeselskap \u2013 4 000.- fastprisAksjon\u00e6rregisteroppgave kr. 1490 \u2013 fastpris\u00c5rsregnskap og skattemelding NUF kr. 10 000.- fastpris &#8211; Fakturering i m\u00e5nedsskiftet februar\/mars nytt\u00e5r, for foreg\u00e5ende \u00e5r\u00c5rsregnskap og skattemelding AS kr. 8 000.- fastpris &#8211; Fakturering i m\u00e5nedsskiftet februar\/mars nytt\u00e5r, for foreg\u00e5ende \u00e5rSkattemelding ENK kr. 4 000.- fastpris &#8211; Fakturering i m\u00e5nedsskiftet februar\/mars nytt\u00e5r, for foreg\u00e5ende \u00e5rBestille HMS kort kr. 500. \u2013 fastpris pr kort\/ansattS\u00f8knad om skattekort for utenlandsk arbeidstaker kort kr. 500. \u2013 fastpris pr ansatt * Alle priser er eks. mva* Arbeidstiden avrundes til 15 minutter, Faktureres for hvert p\u00e5begynte 15min* Prislisten er vedlagt kontrakten og utgj\u00f8r aksept av tilbudet* Prisene kan endres, informasjon sendes p\u00e5 e-post<\/p>\n","protected":false},"author":1,"featured_media":0,"parent":0,"menu_order":0,"comment_status":"closed","ping_status":"closed","template":"tpl-default-elementor.php","meta":{"footnotes":""},"class_list":["post-10929","page","type-page","status-publish","hentry"],"_links":{"self":[{"href":"https:\/\/topnor.no\/no\/wp-json\/wp\/v2\/pages\/10929","targetHints":{"allow":["GET"]}}],"collection":[{"href":"https:\/\/topnor.no\/no\/wp-json\/wp\/v2\/pages"}],"about":[{"href":"https:\/\/topnor.no\/no\/wp-json\/wp\/v2\/types\/page"}],"author":[{"embeddable":true,"href":"https:\/\/topnor.no\/no\/wp-json\/wp\/v2\/users\/1"}],"replies":[{"embeddable":true,"href":"https:\/\/topnor.no\/no\/wp-json\/wp\/v2\/comments?post=10929"}],"version-history":[{"count":4,"href":"https:\/\/topnor.no\/no\/wp-json\/wp\/v2\/pages\/10929\/revisions"}],"predecessor-version":[{"id":12388,"href":"https:\/\/topnor.no\/no\/wp-json\/wp\/v2\/pages\/10929\/revisions\/12388"}],"wp:attachment":[{"href":"https:\/\/topnor.no\/no\/wp-json\/wp\/v2\/media?parent=10929"}],"curies":[{"name":"wp","href":"https:\/\/api.w.org\/{rel}","templated":true}]}}